{"id":683,"date":"2025-07-24T16:20:44","date_gmt":"2025-07-24T16:20:44","guid":{"rendered":"https:\/\/amandabeautycenter.com.br\/2024\/?post_type=product&#038;p=683"},"modified":"2025-07-24T16:20:44","modified_gmt":"2025-07-24T16:20:44","slug":"protetor-termico-genesis-defense-thermique","status":"publish","type":"product","link":"https:\/\/amandabeautycenter.com.br\/2024\/produto\/protetor-termico-genesis-defense-thermique\/","title":{"rendered":"Protetor T\u00e9rmico Genesis Defense Thermique"},"content":{"rendered":"<p><img fetchpriority=\"high\" decoding=\"async\" class=\"alignnone size-medium wp-image-667\" src=\"https:\/\/amandabeautycenter.com.br\/2024\/wp-content\/uploads\/2025\/07\/3474636857975_EN_7-300x300.jpg\" alt=\"\" width=\"300\" height=\"300\" srcset=\"https:\/\/amandabeautycenter.com.br\/2024\/wp-content\/uploads\/2025\/07\/3474636857975_EN_7-300x300.jpg 300w, https:\/\/amandabeautycenter.com.br\/2024\/wp-content\/uploads\/2025\/07\/3474636857975_EN_7-1024x1024.jpg 1024w, https:\/\/amandabeautycenter.com.br\/2024\/wp-content\/uploads\/2025\/07\/3474636857975_EN_7-150x150.jpg 150w, https:\/\/amandabeautycenter.com.br\/2024\/wp-content\/uploads\/2025\/07\/3474636857975_EN_7-768x768.jpg 768w, https:\/\/amandabeautycenter.com.br\/2024\/wp-content\/uploads\/2025\/07\/3474636857975_EN_7-1536x1536.jpg 1536w, https:\/\/amandabeautycenter.com.br\/2024\/wp-content\/uploads\/2025\/07\/3474636857975_EN_7-600x600.jpg 600w, https:\/\/amandabeautycenter.com.br\/2024\/wp-content\/uploads\/2025\/07\/3474636857975_EN_7-100x100.jpg 100w, https:\/\/amandabeautycenter.com.br\/2024\/wp-content\/uploads\/2025\/07\/3474636857975_EN_7.jpg 2000w\" sizes=\"(max-width: 300px) 100vw, 300px\" \/><img decoding=\"async\" class=\"alignnone size-medium wp-image-669\" src=\"https:\/\/amandabeautycenter.com.br\/2024\/wp-content\/uploads\/2025\/07\/3474636857975_EN_1-300x200.jpg\" alt=\"\" width=\"300\" height=\"200\" srcset=\"https:\/\/amandabeautycenter.com.br\/2024\/wp-content\/uploads\/2025\/07\/3474636857975_EN_1-300x200.jpg 300w, https:\/\/amandabeautycenter.com.br\/2024\/wp-content\/uploads\/2025\/07\/3474636857975_EN_1-1024x683.jpg 1024w, https:\/\/amandabeautycenter.com.br\/2024\/wp-content\/uploads\/2025\/07\/3474636857975_EN_1-768x512.jpg 768w, https:\/\/amandabeautycenter.com.br\/2024\/wp-content\/uploads\/2025\/07\/3474636857975_EN_1-1536x1024.jpg 1536w, https:\/\/amandabeautycenter.com.br\/2024\/wp-content\/uploads\/2025\/07\/3474636857975_EN_1-2048x1365.jpg 2048w, https:\/\/amandabeautycenter.com.br\/2024\/wp-content\/uploads\/2025\/07\/3474636857975_EN_1-600x400.jpg 600w\" sizes=\"(max-width: 300px) 100vw, 300px\" \/><img decoding=\"async\" class=\"alignnone size-medium wp-image-668\" src=\"https:\/\/amandabeautycenter.com.br\/2024\/wp-content\/uploads\/2025\/07\/3474636857975_EN_3-300x300.jpg\" alt=\"\" width=\"300\" height=\"300\" srcset=\"https:\/\/amandabeautycenter.com.br\/2024\/wp-content\/uploads\/2025\/07\/3474636857975_EN_3-300x300.jpg 300w, https:\/\/amandabeautycenter.com.br\/2024\/wp-content\/uploads\/2025\/07\/3474636857975_EN_3-1024x1024.jpg 1024w, https:\/\/amandabeautycenter.com.br\/2024\/wp-content\/uploads\/2025\/07\/3474636857975_EN_3-150x150.jpg 150w, https:\/\/amandabeautycenter.com.br\/2024\/wp-content\/uploads\/2025\/07\/3474636857975_EN_3-768x768.jpg 768w, https:\/\/amandabeautycenter.com.br\/2024\/wp-content\/uploads\/2025\/07\/3474636857975_EN_3-1536x1536.jpg 1536w, https:\/\/amandabeautycenter.com.br\/2024\/wp-content\/uploads\/2025\/07\/3474636857975_EN_3-600x600.jpg 600w, https:\/\/amandabeautycenter.com.br\/2024\/wp-content\/uploads\/2025\/07\/3474636857975_EN_3-100x100.jpg 100w, https:\/\/amandabeautycenter.com.br\/2024\/wp-content\/uploads\/2025\/07\/3474636857975_EN_3.jpg 2000w\" sizes=\"(max-width: 300px) 100vw, 300px\" \/><\/p>\n","protected":false},"excerpt":{"rendered":"<p data-start=\"0\" data-end=\"37\"><span class=\"relative -mx-px my-[-0.2rem] rounded px-px py-[0.2rem] transition-colors duration-100 ease-in-out\">O <strong data-start=\"2\" data-end=\"23\">Defense Thermique<\/strong> da linha <strong data-start=\"33\" data-end=\"44\">Genesis<\/strong> da K\u00e9rastase \u00e9 um <strong data-start=\"63\" data-end=\"124\">protetor t\u00e9rmico leave-in com a\u00e7\u00e3o fortificante antiqueda<\/strong>, formulado para cabelos enfraquecidos com tend\u00eancia \u00e0 quebra. Ele oferece prote\u00e7\u00e3o t\u00e9rmica at\u00e9 <strong data-start=\"220\" data-end=\"230\">230\u202f\u00b0C<\/strong>, nutri\u00e7\u00e3o leve, controle de frizz e fortalecimento capilar, sendo ideal para quem frequentemente utiliza ferramentas de calor.<\/span><\/p>\n<h2 data-start=\"44\" data-end=\"71\">\u00a0 \u00a0Principais benef\u00edcios<\/h2>\n<ul data-start=\"73\" data-end=\"464\">\n<li data-start=\"73\" data-end=\"150\">\n<p data-start=\"75\" data-end=\"150\"><span class=\"relative -mx-px my-[-0.2rem] rounded px-px py-[0.2rem] transition-colors duration-100 ease-in-out\"><strong data-start=\"0\" data-end=\"38\" data-is-only-node=\"\">Prote\u00e7\u00e3o t\u00e9rmica eficaz at\u00e9 230\u202f\u00b0C<\/strong>, evitando danos causados por secador, chapinha e modeladores.<\/span><\/p>\n<\/li>\n<li data-start=\"151\" data-end=\"228\">\n<p data-start=\"153\" data-end=\"228\"><span class=\"relative -mx-px my-[-0.2rem] rounded px-px py-[0.2rem] transition-colors duration-100 ease-in-out\"><strong data-start=\"0\" data-end=\"55\" data-is-only-node=\"\">Fortalece a fibra capilar e reduz o risco de quebra<\/strong>, com at\u00e9 99,3\u202f% menos fios quebrados, por a\u00e7\u00e3o das C\u00e9lulas Estaminais de Edelweiss e Raiz de Gengibre.<\/span><\/p>\n<\/li>\n<li data-start=\"229\" data-end=\"306\">\n<p data-start=\"231\" data-end=\"306\"><span class=\"relative -mx-px my-[-0.2rem] rounded px-px py-[0.2rem] transition-colors duration-100 ease-in-out\"><strong data-start=\"0\" data-end=\"37\" data-is-only-node=\"\">Hidrata\u00e7\u00e3o leve sem frizz ou peso<\/strong>, proporcionando toque sedoso e brilho duradouro.<\/span><\/p>\n<\/li>\n<li data-start=\"307\" data-end=\"384\">\n<p data-start=\"309\" data-end=\"384\"><span class=\"relative -mx-px my-[-0.2rem] rounded px-px py-[0.2rem] transition-colors duration-100 ease-in-out\"><strong data-start=\"0\" data-end=\"94\" data-is-only-node=\"\">Cont\u00e9m ingredientes antioxidantes que protegem contra agress\u00f5es externas e selam cut\u00edculas<\/strong>, prevenindo pontas duplas.<\/span><\/p>\n<\/li>\n<\/ul>\n","protected":false},"featured_media":668,"comment_status":"open","ping_status":"closed","template":"","meta":[],"product_cat":[15],"product_tag":[],"class_list":{"0":"post-683","1":"product","2":"type-product","3":"status-publish","4":"has-post-thumbnail","6":"product_cat-sem-categoria","8":"first","9":"instock","10":"shipping-taxable","11":"purchasable","12":"product-type-simple"},"_links":{"self":[{"href":"https:\/\/amandabeautycenter.com.br\/2024\/wp-json\/wp\/v2\/product\/683","targetHints":{"allow":["GET"]}}],"collection":[{"href":"https:\/\/amandabeautycenter.com.br\/2024\/wp-json\/wp\/v2\/product"}],"about":[{"href":"https:\/\/amandabeautycenter.com.br\/2024\/wp-json\/wp\/v2\/types\/product"}],"replies":[{"embeddable":true,"href":"https:\/\/amandabeautycenter.com.br\/2024\/wp-json\/wp\/v2\/comments?post=683"}],"wp:featuredmedia":[{"embeddable":true,"href":"https:\/\/amandabeautycenter.com.br\/2024\/wp-json\/wp\/v2\/media\/668"}],"wp:attachment":[{"href":"https:\/\/amandabeautycenter.com.br\/2024\/wp-json\/wp\/v2\/media?parent=683"}],"wp:term":[{"taxonomy":"product_cat","embeddable":true,"href":"https:\/\/amandabeautycenter.com.br\/2024\/wp-json\/wp\/v2\/product_cat?post=683"},{"taxonomy":"product_tag","embeddable":true,"href":"https:\/\/amandabeautycenter.com.br\/2024\/wp-json\/wp\/v2\/product_tag?post=683"}],"curies":[{"name":"wp","href":"https:\/\/api.w.org\/{rel}","templated":true}]}}