{"id":682,"date":"2025-07-24T16:15:57","date_gmt":"2025-07-24T16:15:57","guid":{"rendered":"https:\/\/amandabeautycenter.com.br\/2024\/?post_type=product&#038;p=682"},"modified":"2025-07-24T16:15:57","modified_gmt":"2025-07-24T16:15:57","slug":"serum-genesis-anti-chute-fortifiant","status":"publish","type":"product","link":"https:\/\/amandabeautycenter.com.br\/2024\/produto\/serum-genesis-anti-chute-fortifiant\/","title":{"rendered":"Serum Genesis Anti Chute Fortifiant"},"content":{"rendered":"<p><img fetchpriority=\"high\" decoding=\"async\" class=\"alignnone size-medium wp-image-665\" src=\"https:\/\/amandabeautycenter.com.br\/2024\/wp-content\/uploads\/2025\/07\/3474636858002_EN_1-300x200.jpg\" alt=\"\" width=\"300\" height=\"200\" srcset=\"https:\/\/amandabeautycenter.com.br\/2024\/wp-content\/uploads\/2025\/07\/3474636858002_EN_1-300x200.jpg 300w, https:\/\/amandabeautycenter.com.br\/2024\/wp-content\/uploads\/2025\/07\/3474636858002_EN_1-1024x683.jpg 1024w, https:\/\/amandabeautycenter.com.br\/2024\/wp-content\/uploads\/2025\/07\/3474636858002_EN_1-768x512.jpg 768w, https:\/\/amandabeautycenter.com.br\/2024\/wp-content\/uploads\/2025\/07\/3474636858002_EN_1-1536x1024.jpg 1536w, https:\/\/amandabeautycenter.com.br\/2024\/wp-content\/uploads\/2025\/07\/3474636858002_EN_1-2048x1365.jpg 2048w, https:\/\/amandabeautycenter.com.br\/2024\/wp-content\/uploads\/2025\/07\/3474636858002_EN_1-600x400.jpg 600w\" sizes=\"(max-width: 300px) 100vw, 300px\" \/><img decoding=\"async\" class=\"alignnone size-medium wp-image-662\" src=\"https:\/\/amandabeautycenter.com.br\/2024\/wp-content\/uploads\/2025\/07\/3474636858002_EN_7-300x300.jpg\" alt=\"\" width=\"300\" height=\"300\" srcset=\"https:\/\/amandabeautycenter.com.br\/2024\/wp-content\/uploads\/2025\/07\/3474636858002_EN_7-300x300.jpg 300w, https:\/\/amandabeautycenter.com.br\/2024\/wp-content\/uploads\/2025\/07\/3474636858002_EN_7-1024x1024.jpg 1024w, https:\/\/amandabeautycenter.com.br\/2024\/wp-content\/uploads\/2025\/07\/3474636858002_EN_7-150x150.jpg 150w, https:\/\/amandabeautycenter.com.br\/2024\/wp-content\/uploads\/2025\/07\/3474636858002_EN_7-768x768.jpg 768w, https:\/\/amandabeautycenter.com.br\/2024\/wp-content\/uploads\/2025\/07\/3474636858002_EN_7-1536x1536.jpg 1536w, https:\/\/amandabeautycenter.com.br\/2024\/wp-content\/uploads\/2025\/07\/3474636858002_EN_7-600x600.jpg 600w, https:\/\/amandabeautycenter.com.br\/2024\/wp-content\/uploads\/2025\/07\/3474636858002_EN_7-100x100.jpg 100w, https:\/\/amandabeautycenter.com.br\/2024\/wp-content\/uploads\/2025\/07\/3474636858002_EN_7.jpg 2000w\" sizes=\"(max-width: 300px) 100vw, 300px\" \/><img decoding=\"async\" class=\"alignnone size-medium wp-image-663\" src=\"https:\/\/amandabeautycenter.com.br\/2024\/wp-content\/uploads\/2025\/07\/3474636858002_EN_4-300x300.png\" alt=\"\" width=\"300\" height=\"300\" srcset=\"https:\/\/amandabeautycenter.com.br\/2024\/wp-content\/uploads\/2025\/07\/3474636858002_EN_4-300x300.png 300w, https:\/\/amandabeautycenter.com.br\/2024\/wp-content\/uploads\/2025\/07\/3474636858002_EN_4-1024x1024.png 1024w, https:\/\/amandabeautycenter.com.br\/2024\/wp-content\/uploads\/2025\/07\/3474636858002_EN_4-150x150.png 150w, https:\/\/amandabeautycenter.com.br\/2024\/wp-content\/uploads\/2025\/07\/3474636858002_EN_4-768x768.png 768w, https:\/\/amandabeautycenter.com.br\/2024\/wp-content\/uploads\/2025\/07\/3474636858002_EN_4-1536x1536.png 1536w, https:\/\/amandabeautycenter.com.br\/2024\/wp-content\/uploads\/2025\/07\/3474636858002_EN_4-600x600.png 600w, https:\/\/amandabeautycenter.com.br\/2024\/wp-content\/uploads\/2025\/07\/3474636858002_EN_4-100x100.png 100w, https:\/\/amandabeautycenter.com.br\/2024\/wp-content\/uploads\/2025\/07\/3474636858002_EN_4.png 2000w\" sizes=\"(max-width: 300px) 100vw, 300px\" \/><img loading=\"lazy\" decoding=\"async\" class=\"alignnone size-medium wp-image-664\" src=\"https:\/\/amandabeautycenter.com.br\/2024\/wp-content\/uploads\/2025\/07\/3474636858002_EN_3-300x300.png\" alt=\"\" width=\"300\" height=\"300\" srcset=\"https:\/\/amandabeautycenter.com.br\/2024\/wp-content\/uploads\/2025\/07\/3474636858002_EN_3-300x300.png 300w, https:\/\/amandabeautycenter.com.br\/2024\/wp-content\/uploads\/2025\/07\/3474636858002_EN_3-1024x1024.png 1024w, https:\/\/amandabeautycenter.com.br\/2024\/wp-content\/uploads\/2025\/07\/3474636858002_EN_3-150x150.png 150w, https:\/\/amandabeautycenter.com.br\/2024\/wp-content\/uploads\/2025\/07\/3474636858002_EN_3-768x768.png 768w, https:\/\/amandabeautycenter.com.br\/2024\/wp-content\/uploads\/2025\/07\/3474636858002_EN_3-1536x1536.png 1536w, https:\/\/amandabeautycenter.com.br\/2024\/wp-content\/uploads\/2025\/07\/3474636858002_EN_3-600x600.png 600w, https:\/\/amandabeautycenter.com.br\/2024\/wp-content\/uploads\/2025\/07\/3474636858002_EN_3-100x100.png 100w, https:\/\/amandabeautycenter.com.br\/2024\/wp-content\/uploads\/2025\/07\/3474636858002_EN_3.png 2000w\" sizes=\"(max-width: 300px) 100vw, 300px\" \/><img loading=\"lazy\" decoding=\"async\" class=\"alignnone size-medium wp-image-666\" src=\"https:\/\/amandabeautycenter.com.br\/2024\/wp-content\/uploads\/2025\/07\/3474636857975_EN_5-300x300.jpg\" alt=\"\" width=\"300\" height=\"300\" srcset=\"https:\/\/amandabeautycenter.com.br\/2024\/wp-content\/uploads\/2025\/07\/3474636857975_EN_5-300x300.jpg 300w, https:\/\/amandabeautycenter.com.br\/2024\/wp-content\/uploads\/2025\/07\/3474636857975_EN_5-1024x1024.jpg 1024w, https:\/\/amandabeautycenter.com.br\/2024\/wp-content\/uploads\/2025\/07\/3474636857975_EN_5-150x150.jpg 150w, https:\/\/amandabeautycenter.com.br\/2024\/wp-content\/uploads\/2025\/07\/3474636857975_EN_5-768x768.jpg 768w, https:\/\/amandabeautycenter.com.br\/2024\/wp-content\/uploads\/2025\/07\/3474636857975_EN_5-1536x1536.jpg 1536w, https:\/\/amandabeautycenter.com.br\/2024\/wp-content\/uploads\/2025\/07\/3474636857975_EN_5-600x600.jpg 600w, https:\/\/amandabeautycenter.com.br\/2024\/wp-content\/uploads\/2025\/07\/3474636857975_EN_5-100x100.jpg 100w, https:\/\/amandabeautycenter.com.br\/2024\/wp-content\/uploads\/2025\/07\/3474636857975_EN_5.jpg 2000w\" sizes=\"(max-width: 300px) 100vw, 300px\" \/><\/p>\n","protected":false},"excerpt":{"rendered":"<p data-start=\"0\" data-end=\"37\"><span class=\"relative -mx-px my-[-0.2rem] rounded px-px py-[0.2rem] transition-colors duration-100 ease-in-out\">O <strong data-start=\"2\" data-end=\"63\">S\u00e9rum Anti-Chute Fortifiant da linha Genesis da K\u00e9rastase<\/strong> \u00e9 um tratamento antqueda di\u00e1rio projetado especificamente para <strong data-start=\"127\" data-end=\"167\">cabelos fracos, finos ou quebradi\u00e7os<\/strong>, que sofrem queda provocada por quebra da fibra capilar.<\/span><\/p>\n<h2 data-start=\"44\" data-end=\"64\">\u00a0Para que serve<\/h2>\n<ul data-start=\"66\" data-end=\"303\">\n<li data-start=\"66\" data-end=\"145\">\n<p data-start=\"68\" data-end=\"145\"><span class=\"relative -mx-px my-[-0.2rem] rounded px-px py-[0.2rem] transition-colors duration-100 ease-in-out\"><strong data-start=\"0\" data-end=\"30\" data-is-only-node=\"\">Combate a queda por quebra<\/strong>, fortalecendo os fios desde a raiz com ingredientes ativos como Aminexil (1,5\u202f%), Raiz de Gengibre e Cafe\u00edna. Estudos indicam redu\u00e7\u00e3o significativa da queda em cerca de <strong data-start=\"200\" data-end=\"213\">6 semanas<\/strong> de uso cont\u00ednuo.<\/span><\/p>\n<\/li>\n<li data-start=\"146\" data-end=\"225\">\n<p data-start=\"148\" data-end=\"225\"><span class=\"relative -mx-px my-[-0.2rem] rounded px-px py-[0.2rem] transition-colors duration-100 ease-in-out\"><strong data-start=\"0\" data-end=\"45\" data-is-only-node=\"\">Fortalece o couro cabeludo e os fol\u00edculos<\/strong> capilares, promovendo maior resist\u00eancia e densidade visual nos fios.<\/span><\/p>\n<\/li>\n<li data-start=\"226\" data-end=\"303\">\n<p data-start=\"228\" data-end=\"303\"><span class=\"relative -mx-px my-[-0.2rem] rounded px-px py-[0.2rem] bg-[#FCECC1] dark:bg-[#64572A] transition-colors duration-100 ease-in-out\"><strong data-start=\"0\" data-end=\"52\" data-is-only-node=\"\">Alivia o desconforto e prurido no couro cabeludo<\/strong>, com efeito calmante percept\u00edvel a partir de <strong data-start=\"98\" data-end=\"111\">3 semanas<\/strong> de uso.<\/span><\/p>\n<\/li>\n<\/ul>\n","protected":false},"featured_media":664,"comment_status":"open","ping_status":"closed","template":"","meta":[],"product_cat":[70,73,56],"product_tag":[],"class_list":{"0":"post-682","1":"product","2":"type-product","3":"status-publish","4":"has-post-thumbnail","6":"product_cat-antiqueda","7":"product_cat-cabelos-finos-ou-quebradicos","8":"product_cat-serum","10":"first","11":"instock","12":"shipping-taxable","13":"purchasable","14":"product-type-simple"},"_links":{"self":[{"href":"https:\/\/amandabeautycenter.com.br\/2024\/wp-json\/wp\/v2\/product\/682","targetHints":{"allow":["GET"]}}],"collection":[{"href":"https:\/\/amandabeautycenter.com.br\/2024\/wp-json\/wp\/v2\/product"}],"about":[{"href":"https:\/\/amandabeautycenter.com.br\/2024\/wp-json\/wp\/v2\/types\/product"}],"replies":[{"embeddable":true,"href":"https:\/\/amandabeautycenter.com.br\/2024\/wp-json\/wp\/v2\/comments?post=682"}],"wp:featuredmedia":[{"embeddable":true,"href":"https:\/\/amandabeautycenter.com.br\/2024\/wp-json\/wp\/v2\/media\/664"}],"wp:attachment":[{"href":"https:\/\/amandabeautycenter.com.br\/2024\/wp-json\/wp\/v2\/media?parent=682"}],"wp:term":[{"taxonomy":"product_cat","embeddable":true,"href":"https:\/\/amandabeautycenter.com.br\/2024\/wp-json\/wp\/v2\/product_cat?post=682"},{"taxonomy":"product_tag","embeddable":true,"href":"https:\/\/amandabeautycenter.com.br\/2024\/wp-json\/wp\/v2\/product_tag?post=682"}],"curies":[{"name":"wp","href":"https:\/\/api.w.org\/{rel}","templated":true}]}}