{"id":681,"date":"2025-07-24T16:11:07","date_gmt":"2025-07-24T16:11:07","guid":{"rendered":"https:\/\/amandabeautycenter.com.br\/2024\/?post_type=product&#038;p=681"},"modified":"2025-07-24T16:11:13","modified_gmt":"2025-07-24T16:11:13","slug":"mascara-genesis-reconstituant","status":"publish","type":"product","link":"https:\/\/amandabeautycenter.com.br\/2024\/produto\/mascara-genesis-reconstituant\/","title":{"rendered":"M\u00e1scara Genesis Reconstituant"},"content":{"rendered":"<p><img fetchpriority=\"high\" decoding=\"async\" class=\"alignnone size-medium wp-image-677\" src=\"https:\/\/amandabeautycenter.com.br\/2024\/wp-content\/uploads\/2025\/07\/7899706194839_EN_1-300x229.jpg\" alt=\"\" width=\"300\" height=\"229\" srcset=\"https:\/\/amandabeautycenter.com.br\/2024\/wp-content\/uploads\/2025\/07\/7899706194839_EN_1-300x229.jpg 300w, https:\/\/amandabeautycenter.com.br\/2024\/wp-content\/uploads\/2025\/07\/7899706194839_EN_1-768x585.jpg 768w, https:\/\/amandabeautycenter.com.br\/2024\/wp-content\/uploads\/2025\/07\/7899706194839_EN_1-600x457.jpg 600w, https:\/\/amandabeautycenter.com.br\/2024\/wp-content\/uploads\/2025\/07\/7899706194839_EN_1.jpg 992w\" sizes=\"(max-width: 300px) 100vw, 300px\" \/><img decoding=\"async\" class=\"alignnone size-medium wp-image-676\" src=\"https:\/\/amandabeautycenter.com.br\/2024\/wp-content\/uploads\/2025\/07\/7899706194839_EN_3-300x300.webp\" alt=\"\" width=\"300\" height=\"300\" srcset=\"https:\/\/amandabeautycenter.com.br\/2024\/wp-content\/uploads\/2025\/07\/7899706194839_EN_3-300x300.webp 300w, https:\/\/amandabeautycenter.com.br\/2024\/wp-content\/uploads\/2025\/07\/7899706194839_EN_3-150x150.webp 150w, https:\/\/amandabeautycenter.com.br\/2024\/wp-content\/uploads\/2025\/07\/7899706194839_EN_3-600x600.webp 600w, https:\/\/amandabeautycenter.com.br\/2024\/wp-content\/uploads\/2025\/07\/7899706194839_EN_3-100x100.webp 100w, https:\/\/amandabeautycenter.com.br\/2024\/wp-content\/uploads\/2025\/07\/7899706194839_EN_3.webp 756w\" sizes=\"(max-width: 300px) 100vw, 300px\" \/><img decoding=\"async\" class=\"alignnone size-medium wp-image-674\" src=\"https:\/\/amandabeautycenter.com.br\/2024\/wp-content\/uploads\/2025\/07\/7899706194839_EN_7-300x300.jpg\" alt=\"\" width=\"300\" height=\"300\" srcset=\"https:\/\/amandabeautycenter.com.br\/2024\/wp-content\/uploads\/2025\/07\/7899706194839_EN_7-300x300.jpg 300w, https:\/\/amandabeautycenter.com.br\/2024\/wp-content\/uploads\/2025\/07\/7899706194839_EN_7-1024x1024.jpg 1024w, https:\/\/amandabeautycenter.com.br\/2024\/wp-content\/uploads\/2025\/07\/7899706194839_EN_7-150x150.jpg 150w, https:\/\/amandabeautycenter.com.br\/2024\/wp-content\/uploads\/2025\/07\/7899706194839_EN_7-768x768.jpg 768w, https:\/\/amandabeautycenter.com.br\/2024\/wp-content\/uploads\/2025\/07\/7899706194839_EN_7-1536x1536.jpg 1536w, https:\/\/amandabeautycenter.com.br\/2024\/wp-content\/uploads\/2025\/07\/7899706194839_EN_7-600x600.jpg 600w, https:\/\/amandabeautycenter.com.br\/2024\/wp-content\/uploads\/2025\/07\/7899706194839_EN_7-100x100.jpg 100w, https:\/\/amandabeautycenter.com.br\/2024\/wp-content\/uploads\/2025\/07\/7899706194839_EN_7.jpg 2000w\" sizes=\"(max-width: 300px) 100vw, 300px\" \/><img loading=\"lazy\" decoding=\"async\" class=\"alignnone size-medium wp-image-675\" src=\"https:\/\/amandabeautycenter.com.br\/2024\/wp-content\/uploads\/2025\/07\/7899706194839_EN_4-300x300.webp\" alt=\"\" width=\"300\" height=\"300\" srcset=\"https:\/\/amandabeautycenter.com.br\/2024\/wp-content\/uploads\/2025\/07\/7899706194839_EN_4-300x300.webp 300w, https:\/\/amandabeautycenter.com.br\/2024\/wp-content\/uploads\/2025\/07\/7899706194839_EN_4-150x150.webp 150w, https:\/\/amandabeautycenter.com.br\/2024\/wp-content\/uploads\/2025\/07\/7899706194839_EN_4-600x600.webp 600w, https:\/\/amandabeautycenter.com.br\/2024\/wp-content\/uploads\/2025\/07\/7899706194839_EN_4-100x100.webp 100w, https:\/\/amandabeautycenter.com.br\/2024\/wp-content\/uploads\/2025\/07\/7899706194839_EN_4.webp 756w\" sizes=\"(max-width: 300px) 100vw, 300px\" \/><\/p>\n","protected":false},"excerpt":{"rendered":"<p data-start=\"0\" data-end=\"76\"><span class=\"relative -mx-px my-[-0.2rem] rounded px-px py-[0.2rem] transition-colors duration-100 ease-in-out\">A <strong data-start=\"2\" data-end=\"34\">Masque Reconstituant Genesis<\/strong> da linha <strong data-start=\"44\" data-end=\"55\">Genesis<\/strong> da K\u00e9rastase \u00e9 uma m\u00e1scara reconstrutora <em data-start=\"97\" data-end=\"108\">antiqueda<\/em> com a\u00e7\u00e3o intensiva, formulada para <strong data-start=\"144\" data-end=\"228\" data-is-last-node=\"\">cabelos secos ou grossos com propens\u00e3o \u00e0 quebra e queda por fragilidade da fibra<\/strong><\/span> .<\/p>\n<h2 data-start=\"83\" data-end=\"109\">\u00a0 \u00a0Benef\u00edcios principais<\/h2>\n<ul data-start=\"111\" data-end=\"351\">\n<li data-start=\"111\" data-end=\"191\">\n<p data-start=\"113\" data-end=\"191\"><span class=\"relative -mx-px my-[-0.2rem] rounded px-px py-[0.2rem] transition-colors duration-100 ease-in-out\"><strong data-start=\"0\" data-end=\"45\" data-is-only-node=\"\">Redu\u00e7\u00e3o de quebra por quebra em at\u00e9 99,2%<\/strong> e <strong data-start=\"48\" data-end=\"87\">fibra 99,2% mais forte e resistente<\/strong>, logo ap\u00f3s a primeira aplica\u00e7\u00e3o, em compara\u00e7\u00e3o com shampoo tradicional<\/span> .<\/p>\n<\/li>\n<li data-start=\"192\" data-end=\"272\">\n<p data-start=\"194\" data-end=\"272\"><span class=\"relative -mx-px my-[-0.2rem] rounded px-px py-[0.2rem] transition-colors duration-100 ease-in-out\">Proporciona at\u00e9 <strong data-start=\"16\" data-end=\"48\">89% mais nutri\u00e7\u00e3o\/hidrata\u00e7\u00e3o<\/strong> e <strong data-start=\"51\" data-end=\"73\" data-is-last-node=\"\">40% mais suavidade<\/strong><\/span> .<\/p>\n<\/li>\n<li data-start=\"273\" data-end=\"351\">\n<p data-start=\"275\" data-end=\"351\"><span class=\"relative -mx-px my-[-0.2rem] rounded px-px py-[0.2rem] transition-colors duration-100 ease-in-out\">Facilita o desembara\u00e7o, amacia e define os fios dando brilho e toque sedoso sem pesar<\/span><\/p>\n<\/li>\n<\/ul>\n","protected":false},"featured_media":676,"comment_status":"open","ping_status":"closed","template":"","meta":[],"product_cat":[70,31],"product_tag":[],"class_list":{"0":"post-681","1":"product","2":"type-product","3":"status-publish","4":"has-post-thumbnail","6":"product_cat-antiqueda","7":"product_cat-mascara","9":"first","10":"instock","11":"shipping-taxable","12":"purchasable","13":"product-type-simple"},"_links":{"self":[{"href":"https:\/\/amandabeautycenter.com.br\/2024\/wp-json\/wp\/v2\/product\/681","targetHints":{"allow":["GET"]}}],"collection":[{"href":"https:\/\/amandabeautycenter.com.br\/2024\/wp-json\/wp\/v2\/product"}],"about":[{"href":"https:\/\/amandabeautycenter.com.br\/2024\/wp-json\/wp\/v2\/types\/product"}],"replies":[{"embeddable":true,"href":"https:\/\/amandabeautycenter.com.br\/2024\/wp-json\/wp\/v2\/comments?post=681"}],"wp:featuredmedia":[{"embeddable":true,"href":"https:\/\/amandabeautycenter.com.br\/2024\/wp-json\/wp\/v2\/media\/676"}],"wp:attachment":[{"href":"https:\/\/amandabeautycenter.com.br\/2024\/wp-json\/wp\/v2\/media?parent=681"}],"wp:term":[{"taxonomy":"product_cat","embeddable":true,"href":"https:\/\/amandabeautycenter.com.br\/2024\/wp-json\/wp\/v2\/product_cat?post=681"},{"taxonomy":"product_tag","embeddable":true,"href":"https:\/\/amandabeautycenter.com.br\/2024\/wp-json\/wp\/v2\/product_tag?post=681"}],"curies":[{"name":"wp","href":"https:\/\/api.w.org\/{rel}","templated":true}]}}