{"id":680,"date":"2025-07-24T16:07:02","date_gmt":"2025-07-24T16:07:02","guid":{"rendered":"https:\/\/amandabeautycenter.com.br\/2024\/?post_type=product&#038;p=680"},"modified":"2025-07-24T16:08:19","modified_gmt":"2025-07-24T16:08:19","slug":"condicionador-genesis-fondant-renforcateou","status":"publish","type":"product","link":"https:\/\/amandabeautycenter.com.br\/2024\/produto\/condicionador-genesis-fondant-renforcateou\/","title":{"rendered":"Condicionador Genesis Fondant Renfor\u00e7ateou"},"content":{"rendered":"<p><img fetchpriority=\"high\" decoding=\"async\" class=\"alignnone size-medium wp-image-671\" src=\"https:\/\/amandabeautycenter.com.br\/2024\/wp-content\/uploads\/2025\/07\/3474636857883_EN_3-300x300.jpg\" alt=\"\" width=\"300\" height=\"300\" srcset=\"https:\/\/amandabeautycenter.com.br\/2024\/wp-content\/uploads\/2025\/07\/3474636857883_EN_3-300x300.jpg 300w, https:\/\/amandabeautycenter.com.br\/2024\/wp-content\/uploads\/2025\/07\/3474636857883_EN_3-1024x1024.jpg 1024w, https:\/\/amandabeautycenter.com.br\/2024\/wp-content\/uploads\/2025\/07\/3474636857883_EN_3-150x150.jpg 150w, https:\/\/amandabeautycenter.com.br\/2024\/wp-content\/uploads\/2025\/07\/3474636857883_EN_3-768x768.jpg 768w, https:\/\/amandabeautycenter.com.br\/2024\/wp-content\/uploads\/2025\/07\/3474636857883_EN_3-1536x1536.jpg 1536w, https:\/\/amandabeautycenter.com.br\/2024\/wp-content\/uploads\/2025\/07\/3474636857883_EN_3-600x600.jpg 600w, https:\/\/amandabeautycenter.com.br\/2024\/wp-content\/uploads\/2025\/07\/3474636857883_EN_3-100x100.jpg 100w, https:\/\/amandabeautycenter.com.br\/2024\/wp-content\/uploads\/2025\/07\/3474636857883_EN_3.jpg 2000w\" sizes=\"(max-width: 300px) 100vw, 300px\" \/><img decoding=\"async\" class=\"alignnone size-medium wp-image-670\" src=\"https:\/\/amandabeautycenter.com.br\/2024\/wp-content\/uploads\/2025\/07\/3474636857883_EN_7-300x300.jpg\" alt=\"\" width=\"300\" height=\"300\" srcset=\"https:\/\/amandabeautycenter.com.br\/2024\/wp-content\/uploads\/2025\/07\/3474636857883_EN_7-300x300.jpg 300w, https:\/\/amandabeautycenter.com.br\/2024\/wp-content\/uploads\/2025\/07\/3474636857883_EN_7-1024x1024.jpg 1024w, https:\/\/amandabeautycenter.com.br\/2024\/wp-content\/uploads\/2025\/07\/3474636857883_EN_7-150x150.jpg 150w, https:\/\/amandabeautycenter.com.br\/2024\/wp-content\/uploads\/2025\/07\/3474636857883_EN_7-768x768.jpg 768w, https:\/\/amandabeautycenter.com.br\/2024\/wp-content\/uploads\/2025\/07\/3474636857883_EN_7-1536x1536.jpg 1536w, https:\/\/amandabeautycenter.com.br\/2024\/wp-content\/uploads\/2025\/07\/3474636857883_EN_7-600x600.jpg 600w, https:\/\/amandabeautycenter.com.br\/2024\/wp-content\/uploads\/2025\/07\/3474636857883_EN_7-100x100.jpg 100w, https:\/\/amandabeautycenter.com.br\/2024\/wp-content\/uploads\/2025\/07\/3474636857883_EN_7.jpg 2000w\" sizes=\"(max-width: 300px) 100vw, 300px\" \/><img decoding=\"async\" class=\"alignnone size-medium wp-image-673\" src=\"https:\/\/amandabeautycenter.com.br\/2024\/wp-content\/uploads\/2025\/07\/3474636857883_EN_1-300x200.jpg\" alt=\"\" width=\"300\" height=\"200\" srcset=\"https:\/\/amandabeautycenter.com.br\/2024\/wp-content\/uploads\/2025\/07\/3474636857883_EN_1-300x200.jpg 300w, https:\/\/amandabeautycenter.com.br\/2024\/wp-content\/uploads\/2025\/07\/3474636857883_EN_1-1024x683.jpg 1024w, https:\/\/amandabeautycenter.com.br\/2024\/wp-content\/uploads\/2025\/07\/3474636857883_EN_1-768x512.jpg 768w, https:\/\/amandabeautycenter.com.br\/2024\/wp-content\/uploads\/2025\/07\/3474636857883_EN_1-1536x1024.jpg 1536w, https:\/\/amandabeautycenter.com.br\/2024\/wp-content\/uploads\/2025\/07\/3474636857883_EN_1-2048x1365.jpg 2048w, https:\/\/amandabeautycenter.com.br\/2024\/wp-content\/uploads\/2025\/07\/3474636857883_EN_1-600x400.jpg 600w\" sizes=\"(max-width: 300px) 100vw, 300px\" \/><\/p>\n","protected":false},"excerpt":{"rendered":"<p data-start=\"0\" data-end=\"75\"><span class=\"relative -mx-px my-[-0.2rem] rounded px-px py-[0.2rem] transition-colors duration-100 ease-in-out\">O <strong data-start=\"2\" data-end=\"34\">Fondant\u202fRenfor\u00e7ateur Genesis<\/strong> da linha <strong data-start=\"44\" data-end=\"68\">Genesis da K\u00e9rastase<\/strong> \u00e9 um <strong data-start=\"74\" data-end=\"114\">condicionador fortificante antiqueda<\/strong>, ideal para cabelos finos, quebradi\u00e7os ou com queda provocada por quebra da fibra. Ele foi pensado para ser usado em conjunto com os shampoos da linha (<em data-start=\"267\" data-end=\"290\">Bain Hydra\u2011Fortifiant<\/em> ou <em data-start=\"294\" data-end=\"317\">Bain Nutri\u2011Fortifiant<\/em>) para potencializar os efeitos de fortalecimento e nutri\u00e7\u00e3o.<\/span><\/p>\n<h2 data-start=\"82\" data-end=\"108\">\u00a0 \u00a0Benef\u00edcios principais<\/h2>\n<ul data-start=\"110\" data-end=\"427\">\n<li data-start=\"110\" data-end=\"189\">\n<p data-start=\"112\" data-end=\"189\"><span class=\"relative -mx-px my-[-0.2rem] rounded px-px py-[0.2rem] transition-colors duration-100 ease-in-out\"><strong data-start=\"0\" data-end=\"39\" data-is-only-node=\"\">Reduz queda por quebra em at\u00e9 97,7%<\/strong>, segundo testes instrumentais ap\u00f3s uma aplica\u00e7\u00e3o, tornando os fios mais fortes e resistentes.<\/span><\/p>\n<\/li>\n<li data-start=\"190\" data-end=\"269\">\n<p data-start=\"192\" data-end=\"269\"><span class=\"relative -mx-px my-[-0.2rem] rounded px-px py-[0.2rem] transition-colors duration-100 ease-in-out\"><strong data-start=\"0\" data-end=\"26\" data-is-only-node=\"\">Nutri\u00e7\u00e3o leve e eficaz<\/strong>: fornece maciez e nutri\u00e7\u00e3o profunda sem pesar os fios, ideal para cabelos finos ou oleosos. A textura cremosa suaviza e desembara\u00e7a os fios.<\/span><\/p>\n<\/li>\n<li data-start=\"270\" data-end=\"349\">\n<p data-start=\"272\" data-end=\"349\"><span class=\"relative -mx-px my-[-0.2rem] rounded px-px py-[0.2rem] transition-colors duration-100 ease-in-out\"><strong data-start=\"0\" data-end=\"35\" data-is-only-node=\"\">Fortalecimento da fibra capilar<\/strong>: ingredientes ativos como <strong data-start=\"62\" data-end=\"82\">Raiz de Gengibre<\/strong> e <strong data-start=\"85\" data-end=\"120\">C\u00e9lulas Estaminais de Edelweiss<\/strong> fortalecem a estrutura dos fios e protegem contra agress\u00f5es di\u00e1rias.<\/span><\/p>\n<\/li>\n<li data-start=\"350\" data-end=\"427\">\n<p data-start=\"352\" data-end=\"427\"><span class=\"relative -mx-px my-[-0.2rem] rounded px-px py-[0.2rem] transition-colors duration-100 ease-in-out\"><strong data-start=\"0\" data-end=\"30\" data-is-only-node=\"\">Brilho e volume controlado<\/strong>: deixa o cabelo com aspecto mais cheio, uniforme e visual saud\u00e1vel com acabamento leve.<\/span><\/p>\n<\/li>\n<\/ul>\n","protected":false},"featured_media":671,"comment_status":"open","ping_status":"closed","template":"","meta":[],"product_cat":[70,24],"product_tag":[],"class_list":{"0":"post-680","1":"product","2":"type-product","3":"status-publish","4":"has-post-thumbnail","6":"product_cat-antiqueda","7":"product_cat-condicionador","9":"first","10":"instock","11":"shipping-taxable","12":"product-type-grouped"},"_links":{"self":[{"href":"https:\/\/amandabeautycenter.com.br\/2024\/wp-json\/wp\/v2\/product\/680","targetHints":{"allow":["GET"]}}],"collection":[{"href":"https:\/\/amandabeautycenter.com.br\/2024\/wp-json\/wp\/v2\/product"}],"about":[{"href":"https:\/\/amandabeautycenter.com.br\/2024\/wp-json\/wp\/v2\/types\/product"}],"replies":[{"embeddable":true,"href":"https:\/\/amandabeautycenter.com.br\/2024\/wp-json\/wp\/v2\/comments?post=680"}],"wp:featuredmedia":[{"embeddable":true,"href":"https:\/\/amandabeautycenter.com.br\/2024\/wp-json\/wp\/v2\/media\/671"}],"wp:attachment":[{"href":"https:\/\/amandabeautycenter.com.br\/2024\/wp-json\/wp\/v2\/media?parent=680"}],"wp:term":[{"taxonomy":"product_cat","embeddable":true,"href":"https:\/\/amandabeautycenter.com.br\/2024\/wp-json\/wp\/v2\/product_cat?post=680"},{"taxonomy":"product_tag","embeddable":true,"href":"https:\/\/amandabeautycenter.com.br\/2024\/wp-json\/wp\/v2\/product_tag?post=680"}],"curies":[{"name":"wp","href":"https:\/\/api.w.org\/{rel}","templated":true}]}}