{"id":89,"date":"2024-06-19T12:54:33","date_gmt":"2024-06-19T12:54:33","guid":{"rendered":"https:\/\/amandabeautycenter.com.br\/2024\/?page_id=89"},"modified":"2025-03-17T21:48:43","modified_gmt":"2025-03-17T21:48:43","slug":"servicos","status":"publish","type":"page","link":"https:\/\/amandabeautycenter.com.br\/2024\/servicos\/","title":{"rendered":"Servi\u00e7os"},"content":{"rendered":"\t\t<div data-elementor-type=\"wp-page\" data-elementor-id=\"89\" class=\"elementor elementor-89\" data-elementor-post-type=\"page\">\n\t\t\t\t<div class=\"elementor-element elementor-element-f24f2d7 e-flex e-con-boxed e-con e-parent\" data-id=\"f24f2d7\" data-element_type=\"container\">\n\t\t\t\t\t<div class=\"e-con-inner\">\n\t\t\t\t<div class=\"elementor-element elementor-element-606fff8 elementor-widget-mobile__width-inherit elementor-widget elementor-widget-heading\" data-id=\"606fff8\" data-element_type=\"widget\" data-widget_type=\"heading.default\">\n\t\t\t\t<div class=\"elementor-widget-container\">\n\t\t\t<style>\/*! elementor - v3.22.0 - 17-06-2024 *\/\n.elementor-heading-title{padding:0;margin:0;line-height:1}.elementor-widget-heading .elementor-heading-title[class*=elementor-size-]>a{color:inherit;font-size:inherit;line-height:inherit}.elementor-widget-heading .elementor-heading-title.elementor-size-small{font-size:15px}.elementor-widget-heading .elementor-heading-title.elementor-size-medium{font-size:19px}.elementor-widget-heading .elementor-heading-title.elementor-size-large{font-size:29px}.elementor-widget-heading .elementor-heading-title.elementor-size-xl{font-size:39px}.elementor-widget-heading .elementor-heading-title.elementor-size-xxl{font-size:59px}<\/style><h1 class=\"elementor-heading-title elementor-size-default\">Servi\u00e7os Amanda<\/h1>\t\t<\/div>\n\t\t\t\t<\/div>\n\t\t\t\t\t<\/div>\n\t\t\t\t<\/div>\n\t\t<div class=\"elementor-element elementor-element-0f830cf e-flex e-con-boxed e-con e-parent\" data-id=\"0f830cf\" data-element_type=\"container\" data-settings=\"{&quot;background_background&quot;:&quot;classic&quot;}\">\n\t\t\t\t\t<div class=\"e-con-inner\">\n\t\t<div class=\"elementor-element elementor-element-e94a93f e-con-full e-flex e-con e-child\" data-id=\"e94a93f\" data-element_type=\"container\">\n\t\t\t\t<div class=\"elementor-element elementor-element-d3240a6 elementor-widget elementor-widget-image\" data-id=\"d3240a6\" data-element_type=\"widget\" data-widget_type=\"image.default\">\n\t\t\t\t<div class=\"elementor-widget-container\">\n\t\t\t<style>\/*! elementor - v3.22.0 - 17-06-2024 *\/\n.elementor-widget-image{text-align:center}.elementor-widget-image a{display:inline-block}.elementor-widget-image a img[src$=\".svg\"]{width:48px}.elementor-widget-image img{vertical-align:middle;display:inline-block}<\/style>\t\t\t\t\t\t\t\t\t\t<img fetchpriority=\"high\" decoding=\"async\" width=\"1000\" height=\"1565\" src=\"https:\/\/amandabeautycenter.com.br\/2024\/wp-content\/uploads\/2025\/03\/Cabelo.png\" class=\"attachment-full size-full wp-image-458\" alt=\"\" srcset=\"https:\/\/amandabeautycenter.com.br\/2024\/wp-content\/uploads\/2025\/03\/Cabelo.png 1000w, https:\/\/amandabeautycenter.com.br\/2024\/wp-content\/uploads\/2025\/03\/Cabelo-192x300.png 192w, https:\/\/amandabeautycenter.com.br\/2024\/wp-content\/uploads\/2025\/03\/Cabelo-654x1024.png 654w, https:\/\/amandabeautycenter.com.br\/2024\/wp-content\/uploads\/2025\/03\/Cabelo-768x1202.png 768w, https:\/\/amandabeautycenter.com.br\/2024\/wp-content\/uploads\/2025\/03\/Cabelo-981x1536.png 981w, https:\/\/amandabeautycenter.com.br\/2024\/wp-content\/uploads\/2025\/03\/Cabelo-600x939.png 600w\" sizes=\"(max-width: 1000px) 100vw, 1000px\" \/>\t\t\t\t\t\t\t\t\t\t\t\t\t<\/div>\n\t\t\t\t<\/div>\n\t\t\t\t<div class=\"elementor-element elementor-element-5cb78b6 elementor-widget elementor-widget-heading\" data-id=\"5cb78b6\" data-element_type=\"widget\" data-widget_type=\"heading.default\">\n\t\t\t\t<div class=\"elementor-widget-container\">\n\t\t\t<h2 class=\"elementor-heading-title elementor-size-default\">Cabelo<\/h2>\t\t<\/div>\n\t\t\t\t<\/div>\n\t\t\t\t<div class=\"elementor-element elementor-element-ac31f08 elementor-widget elementor-widget-heading\" data-id=\"ac31f08\" data-element_type=\"widget\" data-widget_type=\"heading.default\">\n\t\t\t\t<div class=\"elementor-widget-container\">\n\t\t\t<span class=\"elementor-heading-title elementor-size-default\">Corte, colora\u00e7\u00e3o, ruivo, mechas, redu\u00e7\u00e3o de volume, amaciamento,\npermanente, tratamentos para o fio e para o couro cabeludo, escova e outros\nmais.<\/span>\t\t<\/div>\n\t\t\t\t<\/div>\n\t\t\t\t<div class=\"elementor-element elementor-element-ffd1219 elementor-align-center elementor-widget elementor-widget-button\" data-id=\"ffd1219\" data-element_type=\"widget\" data-widget_type=\"button.default\">\n\t\t\t\t<div class=\"elementor-widget-container\">\n\t\t\t\t\t<div class=\"elementor-button-wrapper\">\n\t\t\t<a class=\"elementor-button elementor-button-link elementor-size-sm elementor-animation-grow\" href=\"\/agendamento\">\n\t\t\t\t\t\t<span class=\"elementor-button-content-wrapper\">\n\t\t\t\t\t\t<span class=\"elementor-button-icon\">\n\t\t\t\t<svg aria-hidden=\"true\" class=\"e-font-icon-svg e-fas-long-arrow-alt-right\" viewBox=\"0 0 448 512\" xmlns=\"http:\/\/www.w3.org\/2000\/svg\"><path d=\"M313.941 216H12c-6.627 0-12 5.373-12 12v56c0 6.627 5.373 12 12 12h301.941v46.059c0 21.382 25.851 32.09 40.971 16.971l86.059-86.059c9.373-9.373 9.373-24.569 0-33.941l-86.059-86.059c-15.119-15.119-40.971-4.411-40.971 16.971V216z\"><\/path><\/svg>\t\t\t<\/span>\n\t\t\t\t\t\t\t\t\t<span class=\"elementor-button-text\">Quero Agendar<\/span>\n\t\t\t\t\t<\/span>\n\t\t\t\t\t<\/a>\n\t\t<\/div>\n\t\t\t\t<\/div>\n\t\t\t\t<\/div>\n\t\t\t\t<\/div>\n\t\t<div class=\"elementor-element elementor-element-336d7f4 e-con-full e-flex e-con e-child\" data-id=\"336d7f4\" data-element_type=\"container\">\n\t\t\t\t<div class=\"elementor-element elementor-element-c7b701f elementor-widget elementor-widget-heading\" data-id=\"c7b701f\" data-element_type=\"widget\" data-widget_type=\"heading.default\">\n\t\t\t\t<div class=\"elementor-widget-container\">\n\t\t\t<h2 class=\"elementor-heading-title elementor-size-default\">Produ\u00e7\u00f5es<\/h2>\t\t<\/div>\n\t\t\t\t<\/div>\n\t\t\t\t<div class=\"elementor-element elementor-element-fa8000e elementor-widget elementor-widget-heading\" data-id=\"fa8000e\" data-element_type=\"widget\" data-widget_type=\"heading.default\">\n\t\t\t\t<div class=\"elementor-widget-container\">\n\t\t\t<span class=\"elementor-heading-title elementor-size-default\">Maquiagem, maquiagem art\u00edstica, penteado, tran\u00e7as, babyliss e outros mais.<\/span>\t\t<\/div>\n\t\t\t\t<\/div>\n\t\t\t\t<div class=\"elementor-element elementor-element-568e788 elementor-align-center elementor-widget elementor-widget-button\" data-id=\"568e788\" data-element_type=\"widget\" data-widget_type=\"button.default\">\n\t\t\t\t<div class=\"elementor-widget-container\">\n\t\t\t\t\t<div class=\"elementor-button-wrapper\">\n\t\t\t<a class=\"elementor-button elementor-button-link elementor-size-sm elementor-animation-grow\" href=\"\/agendamento\">\n\t\t\t\t\t\t<span class=\"elementor-button-content-wrapper\">\n\t\t\t\t\t\t<span class=\"elementor-button-icon\">\n\t\t\t\t<svg aria-hidden=\"true\" class=\"e-font-icon-svg e-fas-long-arrow-alt-right\" viewBox=\"0 0 448 512\" xmlns=\"http:\/\/www.w3.org\/2000\/svg\"><path d=\"M313.941 216H12c-6.627 0-12 5.373-12 12v56c0 6.627 5.373 12 12 12h301.941v46.059c0 21.382 25.851 32.09 40.971 16.971l86.059-86.059c9.373-9.373 9.373-24.569 0-33.941l-86.059-86.059c-15.119-15.119-40.971-4.411-40.971 16.971V216z\"><\/path><\/svg>\t\t\t<\/span>\n\t\t\t\t\t\t\t\t\t<span class=\"elementor-button-text\">Quero Agendar<\/span>\n\t\t\t\t\t<\/span>\n\t\t\t\t\t<\/a>\n\t\t<\/div>\n\t\t\t\t<\/div>\n\t\t\t\t<\/div>\n\t\t\t\t<div class=\"elementor-element elementor-element-b2d4527 elementor-widget elementor-widget-image\" data-id=\"b2d4527\" data-element_type=\"widget\" data-widget_type=\"image.default\">\n\t\t\t\t<div class=\"elementor-widget-container\">\n\t\t\t\t\t\t\t\t\t\t\t\t\t<img decoding=\"async\" width=\"773\" height=\"1024\" src=\"https:\/\/amandabeautycenter.com.br\/2024\/wp-content\/uploads\/2025\/03\/produtos-para-cabelo-773x1024.png\" class=\"attachment-large size-large wp-image-461\" alt=\"\" srcset=\"https:\/\/amandabeautycenter.com.br\/2024\/wp-content\/uploads\/2025\/03\/produtos-para-cabelo-773x1024.png 773w, https:\/\/amandabeautycenter.com.br\/2024\/wp-content\/uploads\/2025\/03\/produtos-para-cabelo-226x300.png 226w, https:\/\/amandabeautycenter.com.br\/2024\/wp-content\/uploads\/2025\/03\/produtos-para-cabelo-768x1018.png 768w, https:\/\/amandabeautycenter.com.br\/2024\/wp-content\/uploads\/2025\/03\/produtos-para-cabelo-600x795.png 600w, https:\/\/amandabeautycenter.com.br\/2024\/wp-content\/uploads\/2025\/03\/produtos-para-cabelo.png 830w\" sizes=\"(max-width: 773px) 100vw, 773px\" \/>\t\t\t\t\t\t\t\t\t\t\t\t\t<\/div>\n\t\t\t\t<\/div>\n\t\t\t\t<\/div>\n\t\t\t\t\t<\/div>\n\t\t\t\t<\/div>\n\t\t<div class=\"elementor-element elementor-element-3bfcfc6 e-flex e-con-boxed e-con e-parent\" data-id=\"3bfcfc6\" data-element_type=\"container\" data-settings=\"{&quot;background_background&quot;:&quot;classic&quot;}\">\n\t\t\t\t\t<div class=\"e-con-inner\">\n\t\t<div class=\"elementor-element elementor-element-85dbfa0 e-con-full e-flex e-con e-child\" data-id=\"85dbfa0\" data-element_type=\"container\">\n\t\t\t\t<div class=\"elementor-element elementor-element-6665a1b elementor-widget elementor-widget-image\" data-id=\"6665a1b\" data-element_type=\"widget\" data-widget_type=\"image.default\">\n\t\t\t\t<div class=\"elementor-widget-container\">\n\t\t\t\t\t\t\t\t\t\t\t\t\t<img decoding=\"async\" width=\"654\" height=\"1024\" src=\"https:\/\/amandabeautycenter.com.br\/2024\/wp-content\/uploads\/2025\/03\/Podologia-654x1024.png\" class=\"attachment-large size-large wp-image-459\" alt=\"\" srcset=\"https:\/\/amandabeautycenter.com.br\/2024\/wp-content\/uploads\/2025\/03\/Podologia-654x1024.png 654w, https:\/\/amandabeautycenter.com.br\/2024\/wp-content\/uploads\/2025\/03\/Podologia-192x300.png 192w, https:\/\/amandabeautycenter.com.br\/2024\/wp-content\/uploads\/2025\/03\/Podologia-768x1202.png 768w, https:\/\/amandabeautycenter.com.br\/2024\/wp-content\/uploads\/2025\/03\/Podologia-981x1536.png 981w, https:\/\/amandabeautycenter.com.br\/2024\/wp-content\/uploads\/2025\/03\/Podologia-600x939.png 600w, https:\/\/amandabeautycenter.com.br\/2024\/wp-content\/uploads\/2025\/03\/Podologia.png 1000w\" sizes=\"(max-width: 654px) 100vw, 654px\" \/>\t\t\t\t\t\t\t\t\t\t\t\t\t<\/div>\n\t\t\t\t<\/div>\n\t\t\t\t<div class=\"elementor-element elementor-element-244b026 elementor-widget elementor-widget-heading\" data-id=\"244b026\" data-element_type=\"widget\" data-widget_type=\"heading.default\">\n\t\t\t\t<div class=\"elementor-widget-container\">\n\t\t\t<h2 class=\"elementor-heading-title elementor-size-default\">Podologia<\/h2>\t\t<\/div>\n\t\t\t\t<\/div>\n\t\t\t\t<div class=\"elementor-element elementor-element-a2b4f0a elementor-widget elementor-widget-heading\" data-id=\"a2b4f0a\" data-element_type=\"widget\" data-widget_type=\"heading.default\">\n\t\t\t\t<div class=\"elementor-widget-container\">\n\t\t\t<span class=\"elementor-heading-title elementor-size-default\">Desencravamentos, curativos, \u00f3rtese, p\u00e9s diab\u00e9ticos, podologia infantil, reflexologia e outros mais.<\/span>\t\t<\/div>\n\t\t\t\t<\/div>\n\t\t\t\t<div class=\"elementor-element elementor-element-bf3833d elementor-align-center elementor-widget elementor-widget-button\" data-id=\"bf3833d\" data-element_type=\"widget\" data-widget_type=\"button.default\">\n\t\t\t\t<div class=\"elementor-widget-container\">\n\t\t\t\t\t<div class=\"elementor-button-wrapper\">\n\t\t\t<a class=\"elementor-button elementor-button-link elementor-size-sm elementor-animation-grow\" href=\"\/agendamento\">\n\t\t\t\t\t\t<span class=\"elementor-button-content-wrapper\">\n\t\t\t\t\t\t<span class=\"elementor-button-icon\">\n\t\t\t\t<svg aria-hidden=\"true\" class=\"e-font-icon-svg e-fas-long-arrow-alt-right\" viewBox=\"0 0 448 512\" xmlns=\"http:\/\/www.w3.org\/2000\/svg\"><path d=\"M313.941 216H12c-6.627 0-12 5.373-12 12v56c0 6.627 5.373 12 12 12h301.941v46.059c0 21.382 25.851 32.09 40.971 16.971l86.059-86.059c9.373-9.373 9.373-24.569 0-33.941l-86.059-86.059c-15.119-15.119-40.971-4.411-40.971 16.971V216z\"><\/path><\/svg>\t\t\t<\/span>\n\t\t\t\t\t\t\t\t\t<span class=\"elementor-button-text\">Quero Agendar<\/span>\n\t\t\t\t\t<\/span>\n\t\t\t\t\t<\/a>\n\t\t<\/div>\n\t\t\t\t<\/div>\n\t\t\t\t<\/div>\n\t\t\t\t<\/div>\n\t\t<div class=\"elementor-element elementor-element-8cd0d8a e-con-full e-flex e-con e-child\" data-id=\"8cd0d8a\" data-element_type=\"container\">\n\t\t\t\t<div class=\"elementor-element elementor-element-12c2eff elementor-widget elementor-widget-heading\" data-id=\"12c2eff\" data-element_type=\"widget\" data-widget_type=\"heading.default\">\n\t\t\t\t<div class=\"elementor-widget-container\">\n\t\t\t<h2 class=\"elementor-heading-title elementor-size-default\">Unhas<\/h2>\t\t<\/div>\n\t\t\t\t<\/div>\n\t\t\t\t<div class=\"elementor-element elementor-element-b061e2e elementor-widget elementor-widget-heading\" data-id=\"b061e2e\" data-element_type=\"widget\" data-widget_type=\"heading.default\">\n\t\t\t\t<div class=\"elementor-widget-container\">\n\t\t\t<span class=\"elementor-heading-title elementor-size-default\">Manicure, pedicure, alongamentos, esmalta\u00e7\u00e3o em gel, tratamentos\npara unhas, m\u00e3os, p\u00e9s e outros mais.<\/span>\t\t<\/div>\n\t\t\t\t<\/div>\n\t\t\t\t<div class=\"elementor-element elementor-element-d2fefbb elementor-align-center elementor-widget elementor-widget-button\" data-id=\"d2fefbb\" data-element_type=\"widget\" data-widget_type=\"button.default\">\n\t\t\t\t<div class=\"elementor-widget-container\">\n\t\t\t\t\t<div class=\"elementor-button-wrapper\">\n\t\t\t<a class=\"elementor-button elementor-button-link elementor-size-sm elementor-animation-grow\" href=\"\/agendamento\">\n\t\t\t\t\t\t<span class=\"elementor-button-content-wrapper\">\n\t\t\t\t\t\t<span class=\"elementor-button-icon\">\n\t\t\t\t<svg aria-hidden=\"true\" class=\"e-font-icon-svg e-fas-long-arrow-alt-right\" viewBox=\"0 0 448 512\" xmlns=\"http:\/\/www.w3.org\/2000\/svg\"><path d=\"M313.941 216H12c-6.627 0-12 5.373-12 12v56c0 6.627 5.373 12 12 12h301.941v46.059c0 21.382 25.851 32.09 40.971 16.971l86.059-86.059c9.373-9.373 9.373-24.569 0-33.941l-86.059-86.059c-15.119-15.119-40.971-4.411-40.971 16.971V216z\"><\/path><\/svg>\t\t\t<\/span>\n\t\t\t\t\t\t\t\t\t<span class=\"elementor-button-text\">Quero Agendar<\/span>\n\t\t\t\t\t<\/span>\n\t\t\t\t\t<\/a>\n\t\t<\/div>\n\t\t\t\t<\/div>\n\t\t\t\t<\/div>\n\t\t\t\t<div class=\"elementor-element elementor-element-a4b92bf elementor-widget elementor-widget-image\" data-id=\"a4b92bf\" data-element_type=\"widget\" data-widget_type=\"image.default\">\n\t\t\t\t<div class=\"elementor-widget-container\">\n\t\t\t\t\t\t\t\t\t\t\t\t\t<img loading=\"lazy\" decoding=\"async\" width=\"800\" height=\"1000\" src=\"https:\/\/amandabeautycenter.com.br\/2024\/wp-content\/uploads\/2024\/09\/WhatsApp-Image-2024-09-10-at-14.09.22-819x1024.jpeg\" class=\"attachment-large size-large wp-image-231\" alt=\"\" srcset=\"https:\/\/amandabeautycenter.com.br\/2024\/wp-content\/uploads\/2024\/09\/WhatsApp-Image-2024-09-10-at-14.09.22-819x1024.jpeg 819w, https:\/\/amandabeautycenter.com.br\/2024\/wp-content\/uploads\/2024\/09\/WhatsApp-Image-2024-09-10-at-14.09.22-240x300.jpeg 240w, https:\/\/amandabeautycenter.com.br\/2024\/wp-content\/uploads\/2024\/09\/WhatsApp-Image-2024-09-10-at-14.09.22-768x960.jpeg 768w, https:\/\/amandabeautycenter.com.br\/2024\/wp-content\/uploads\/2024\/09\/WhatsApp-Image-2024-09-10-at-14.09.22-600x750.jpeg 600w, https:\/\/amandabeautycenter.com.br\/2024\/wp-content\/uploads\/2024\/09\/WhatsApp-Image-2024-09-10-at-14.09.22.jpeg 1024w\" sizes=\"(max-width: 800px) 100vw, 800px\" \/>\t\t\t\t\t\t\t\t\t\t\t\t\t<\/div>\n\t\t\t\t<\/div>\n\t\t\t\t<\/div>\n\t\t\t\t\t<\/div>\n\t\t\t\t<\/div>\n\t\t<div class=\"elementor-element elementor-element-3c4db1b e-flex e-con-boxed e-con e-parent\" data-id=\"3c4db1b\" data-element_type=\"container\" data-settings=\"{&quot;background_background&quot;:&quot;classic&quot;}\">\n\t\t\t\t\t<div class=\"e-con-inner\">\n\t\t<div class=\"elementor-element elementor-element-12de55c e-con-full e-flex e-con e-child\" data-id=\"12de55c\" data-element_type=\"container\">\n\t\t\t\t<div class=\"elementor-element elementor-element-5089a6f elementor-widget elementor-widget-image\" data-id=\"5089a6f\" data-element_type=\"widget\" data-widget_type=\"image.default\">\n\t\t\t\t<div class=\"elementor-widget-container\">\n\t\t\t\t\t\t\t\t\t\t\t\t\t<img loading=\"lazy\" decoding=\"async\" width=\"1707\" height=\"2560\" src=\"https:\/\/amandabeautycenter.com.br\/2024\/wp-content\/uploads\/2024\/12\/beauty-treatment-session-with-skin-care-tools-at-a-2024-11-27-18-41-41-utc-1-scaled.jpg\" class=\"attachment-full size-full wp-image-369\" alt=\"\" srcset=\"https:\/\/amandabeautycenter.com.br\/2024\/wp-content\/uploads\/2024\/12\/beauty-treatment-session-with-skin-care-tools-at-a-2024-11-27-18-41-41-utc-1-scaled.jpg 1707w, https:\/\/amandabeautycenter.com.br\/2024\/wp-content\/uploads\/2024\/12\/beauty-treatment-session-with-skin-care-tools-at-a-2024-11-27-18-41-41-utc-1-200x300.jpg 200w, https:\/\/amandabeautycenter.com.br\/2024\/wp-content\/uploads\/2024\/12\/beauty-treatment-session-with-skin-care-tools-at-a-2024-11-27-18-41-41-utc-1-683x1024.jpg 683w, https:\/\/amandabeautycenter.com.br\/2024\/wp-content\/uploads\/2024\/12\/beauty-treatment-session-with-skin-care-tools-at-a-2024-11-27-18-41-41-utc-1-768x1152.jpg 768w, https:\/\/amandabeautycenter.com.br\/2024\/wp-content\/uploads\/2024\/12\/beauty-treatment-session-with-skin-care-tools-at-a-2024-11-27-18-41-41-utc-1-1024x1536.jpg 1024w, https:\/\/amandabeautycenter.com.br\/2024\/wp-content\/uploads\/2024\/12\/beauty-treatment-session-with-skin-care-tools-at-a-2024-11-27-18-41-41-utc-1-1365x2048.jpg 1365w, https:\/\/amandabeautycenter.com.br\/2024\/wp-content\/uploads\/2024\/12\/beauty-treatment-session-with-skin-care-tools-at-a-2024-11-27-18-41-41-utc-1-600x900.jpg 600w\" sizes=\"(max-width: 1707px) 100vw, 1707px\" \/>\t\t\t\t\t\t\t\t\t\t\t\t\t<\/div>\n\t\t\t\t<\/div>\n\t\t\t\t<div class=\"elementor-element elementor-element-e713d82 elementor-widget elementor-widget-heading\" data-id=\"e713d82\" data-element_type=\"widget\" data-widget_type=\"heading.default\">\n\t\t\t\t<div class=\"elementor-widget-container\">\n\t\t\t<h2 class=\"elementor-heading-title elementor-size-default\">Est\u00e9tica<\/h2>\t\t<\/div>\n\t\t\t\t<\/div>\n\t\t\t\t<div class=\"elementor-element elementor-element-671c34d elementor-widget elementor-widget-heading\" data-id=\"671c34d\" data-element_type=\"widget\" data-widget_type=\"heading.default\">\n\t\t\t\t<div class=\"elementor-widget-container\">\n\t\t\t<span class=\"elementor-heading-title elementor-size-default\">Depila\u00e7\u00e3o, limpeza de pele, micropigmenta\u00e7\u00e3o, extens\u00e3o de c\u00edlios,\nbanho de lua, diversas t\u00e9cnicas de assagens, acupuntura e outros mais.<\/span>\t\t<\/div>\n\t\t\t\t<\/div>\n\t\t\t\t<div class=\"elementor-element elementor-element-1bda47d elementor-align-center elementor-widget elementor-widget-button\" data-id=\"1bda47d\" data-element_type=\"widget\" data-widget_type=\"button.default\">\n\t\t\t\t<div class=\"elementor-widget-container\">\n\t\t\t\t\t<div class=\"elementor-button-wrapper\">\n\t\t\t<a class=\"elementor-button elementor-button-link elementor-size-sm elementor-animation-grow\" href=\"\/agendamento\">\n\t\t\t\t\t\t<span class=\"elementor-button-content-wrapper\">\n\t\t\t\t\t\t<span class=\"elementor-button-icon\">\n\t\t\t\t<svg aria-hidden=\"true\" class=\"e-font-icon-svg e-fas-long-arrow-alt-right\" viewBox=\"0 0 448 512\" xmlns=\"http:\/\/www.w3.org\/2000\/svg\"><path d=\"M313.941 216H12c-6.627 0-12 5.373-12 12v56c0 6.627 5.373 12 12 12h301.941v46.059c0 21.382 25.851 32.09 40.971 16.971l86.059-86.059c9.373-9.373 9.373-24.569 0-33.941l-86.059-86.059c-15.119-15.119-40.971-4.411-40.971 16.971V216z\"><\/path><\/svg>\t\t\t<\/span>\n\t\t\t\t\t\t\t\t\t<span class=\"elementor-button-text\">Quero Agendar<\/span>\n\t\t\t\t\t<\/span>\n\t\t\t\t\t<\/a>\n\t\t<\/div>\n\t\t\t\t<\/div>\n\t\t\t\t<\/div>\n\t\t\t\t<\/div>\n\t\t\t\t\t<\/div>\n\t\t\t\t<\/div>\n\t\t\t\t<\/div>\n\t\t","protected":false},"excerpt":{"rendered":"<p>Servi\u00e7os Amanda Cabelo Corte, colora\u00e7\u00e3o, ruivo, mechas, redu\u00e7\u00e3o de volume, amaciamento, permanente, tratamentos para o fio e para o couro cabeludo, escova e outros mais. Quero Agendar Produ\u00e7\u00f5es Maquiagem, maquiagem art\u00edstica, penteado, tran\u00e7as, babyliss e outros mais. Quero Agendar Podologia Desencravamentos, curativos, \u00f3rtese, p\u00e9s diab\u00e9ticos, podologia infantil, reflexologia e outros mais. Quero Agendar Unhas Manicure, [&hellip;]<\/p>\n","protected":false},"author":1,"featured_media":0,"parent":0,"menu_order":0,"comment_status":"closed","ping_status":"closed","template":"elementor_header_footer","meta":{"footnotes":""},"class_list":["post-89","page","type-page","status-publish","hentry"],"_links":{"self":[{"href":"https:\/\/amandabeautycenter.com.br\/2024\/wp-json\/wp\/v2\/pages\/89","targetHints":{"allow":["GET"]}}],"collection":[{"href":"https:\/\/amandabeautycenter.com.br\/2024\/wp-json\/wp\/v2\/pages"}],"about":[{"href":"https:\/\/amandabeautycenter.com.br\/2024\/wp-json\/wp\/v2\/types\/page"}],"author":[{"embeddable":true,"href":"https:\/\/amandabeautycenter.com.br\/2024\/wp-json\/wp\/v2\/users\/1"}],"replies":[{"embeddable":true,"href":"https:\/\/amandabeautycenter.com.br\/2024\/wp-json\/wp\/v2\/comments?post=89"}],"version-history":[{"count":42,"href":"https:\/\/amandabeautycenter.com.br\/2024\/wp-json\/wp\/v2\/pages\/89\/revisions"}],"predecessor-version":[{"id":552,"href":"https:\/\/amandabeautycenter.com.br\/2024\/wp-json\/wp\/v2\/pages\/89\/revisions\/552"}],"wp:attachment":[{"href":"https:\/\/amandabeautycenter.com.br\/2024\/wp-json\/wp\/v2\/media?parent=89"}],"curies":[{"name":"wp","href":"https:\/\/api.w.org\/{rel}","templated":true}]}}